{"id":101,"date":"2016-05-23T10:18:09","date_gmt":"2016-05-23T09:18:09","guid":{"rendered":"http:\/\/www.larmureriebarisienne.fr\/?page_id=101"},"modified":"2023-03-30T01:32:17","modified_gmt":"2023-03-30T00:32:17","slug":"optique","status":"publish","type":"page","link":"https:\/\/larmureriebarisienne.fr\/?page_id=101","title":{"rendered":"Optique"},"content":{"rendered":"<h3 style=\"text-align: center;\">L\u2019<a href=\"http:\/\/www.larmureriebarisienne.fr\/\">Armurerie Barisienne<\/a> vous propose un large choix d&rsquo;optiques parmi de nombreuses marques.<\/h3>\n<div id='gallery-1' class='gallery galleryid-101 gallery-columns-2 gallery-size-medium'><figure class='gallery-item'>\n\t\t\t<div class='gallery-icon portrait'>\n\t\t\t\t<img loading=\"lazy\" decoding=\"async\" width=\"225\" height=\"300\" src=\"https:\/\/larmureriebarisienne.fr\/wp-content\/uploads\/2016\/05\/IMG_3439-225x300.jpg\" class=\"attachment-medium size-medium\" alt=\"\" srcset=\"https:\/\/larmureriebarisienne.fr\/wp-content\/uploads\/2016\/05\/IMG_3439-225x300.jpg 225w, https:\/\/larmureriebarisienne.fr\/wp-content\/uploads\/2016\/05\/IMG_3439-768x1024.jpg 768w, https:\/\/larmureriebarisienne.fr\/wp-content\/uploads\/2016\/05\/IMG_3439-520x693.jpg 520w, https:\/\/larmureriebarisienne.fr\/wp-content\/uploads\/2016\/05\/IMG_3439-740x987.jpg 740w, https:\/\/larmureriebarisienne.fr\/wp-content\/uploads\/2016\/05\/IMG_3439.jpg 1224w\" sizes=\"auto, (max-width: 225px) 100vw, 225px\" \/>\n\t\t\t<\/div><\/figure>\n\t\t<\/div>\n\n<h3><\/h3>\n<h3>Gr\u00e2ce \u00e0 une multitude d\u2019articles ainsi qu\u2019aux conseils de v\u00e9ritables professionnels, vous trouverez \u00e0\u00a0l\u2019<a href=\"http:\/\/www.larmureriebarisienne.fr\/\">Armurerie Barisienne<\/a>, tout ce dont vous avez besoin pour satisfaire votre passion.<\/h3>\n<h3>Les professionnels de\u00a0l\u2019<a href=\"http:\/\/www.larmureriebarisienne.fr\/\">Armurerie Barisienne<\/a>\u00a0sont l\u00e0 pour vous guider et vous conseiller, en vous proposant un mat\u00e9riel de grande qualit\u00e9, afin de r\u00e9pondre le plus efficacement possible \u00e0 vos besoins.<\/h3>\n<h3>Dans notre magasin, vous trouverez l&rsquo;\u00e9quipement n\u00e9cessaire pour pratiquer votre passion.<\/h3>\n<ul>\n<li>\n<h3>Lunettes de tir : lunettes de battue, lunettes d\u2019aff\u00fbt<\/h3>\n<\/li>\n<li>\n<h3>Points rouges<\/h3>\n<\/li>\n<li>\n<h3>Jumelles<\/h3>\n<\/li>\n<li>\n<h3>Longues-vues<\/h3>\n<\/li>\n<li>\n<h3>T\u00e9l\u00e9m\u00e8tres<\/h3>\n<\/li>\n<\/ul>\n<pre style=\"text-align: center;\"><strong>L'Armurerie Barisienne - ZAC de la Grande Terre,\u00a0<\/strong><strong>3 Voie des Romains, 55000 Longeville-En-Barrois, Meuse, <\/strong><strong>France. T\u00e9l :\u00a0<\/strong><strong>03 29 70 37 03<\/strong><\/pre>\n","protected":false},"excerpt":{"rendered":"<p>L\u2019Armurerie Barisienne vous propose un large choix d&rsquo;optiques parmi de nombreuses marques. Gr\u00e2ce \u00e0 une multitude d\u2019articles ainsi qu\u2019aux conseils de v\u00e9ritables professionnels, vous trouverez \u00e0\u00a0l\u2019Armurerie Barisienne, tout ce dont vous avez besoin pour satisfaire<a class=\"read-more\" href=\"https:\/\/larmureriebarisienne.fr\/?page_id=101\">Lire la suite<\/a><\/p>\n","protected":false},"author":1,"featured_media":0,"parent":0,"menu_order":0,"comment_status":"closed","ping_status":"closed","template":"","meta":{"footnotes":""},"class_list":["post-101","page","type-page","status-publish","hentry"],"_links":{"self":[{"href":"https:\/\/larmureriebarisienne.fr\/index.php?rest_route=\/wp\/v2\/pages\/101","targetHints":{"allow":["GET"]}}],"collection":[{"href":"https:\/\/larmureriebarisienne.fr\/index.php?rest_route=\/wp\/v2\/pages"}],"about":[{"href":"https:\/\/larmureriebarisienne.fr\/index.php?rest_route=\/wp\/v2\/types\/page"}],"author":[{"embeddable":true,"href":"https:\/\/larmureriebarisienne.fr\/index.php?rest_route=\/wp\/v2\/users\/1"}],"replies":[{"embeddable":true,"href":"https:\/\/larmureriebarisienne.fr\/index.php?rest_route=%2Fwp%2Fv2%2Fcomments&post=101"}],"version-history":[{"count":15,"href":"https:\/\/larmureriebarisienne.fr\/index.php?rest_route=\/wp\/v2\/pages\/101\/revisions"}],"predecessor-version":[{"id":2859,"href":"https:\/\/larmureriebarisienne.fr\/index.php?rest_route=\/wp\/v2\/pages\/101\/revisions\/2859"}],"wp:attachment":[{"href":"https:\/\/larmureriebarisienne.fr\/index.php?rest_route=%2Fwp%2Fv2%2Fmedia&parent=101"}],"curies":[{"name":"wp","href":"https:\/\/api.w.org\/{rel}","templated":true}]}}