{"id":107,"date":"2016-05-23T10:18:43","date_gmt":"2016-05-23T09:18:43","guid":{"rendered":"http:\/\/www.larmureriebarisienne.fr\/?page_id=107"},"modified":"2023-03-30T01:31:50","modified_gmt":"2023-03-30T00:31:50","slug":"munitions","status":"publish","type":"page","link":"https:\/\/larmureriebarisienne.fr\/?page_id=107","title":{"rendered":"Munitions"},"content":{"rendered":"<h3 style=\"text-align: center;\">L\u2019<a href=\"http:\/\/www.larmureriebarisienne.fr\/\">Armurerie Barisienne<\/a> vous propose un large choix de munitions parmi de nombreuses marques.<\/h3>\n<h3><\/h3>\n<div id='gallery-1' class='gallery galleryid-107 gallery-columns-3 gallery-size-medium'><figure class='gallery-item'>\n\t\t\t<div class='gallery-icon landscape'>\n\t\t\t\t<img loading=\"lazy\" decoding=\"async\" width=\"300\" height=\"225\" src=\"https:\/\/larmureriebarisienne.fr\/wp-content\/uploads\/2016\/05\/IMG_2915-300x225.jpeg\" class=\"attachment-medium size-medium\" alt=\"\" srcset=\"https:\/\/larmureriebarisienne.fr\/wp-content\/uploads\/2016\/05\/IMG_2915-300x225.jpeg 300w, https:\/\/larmureriebarisienne.fr\/wp-content\/uploads\/2016\/05\/IMG_2915-768x576.jpeg 768w, https:\/\/larmureriebarisienne.fr\/wp-content\/uploads\/2016\/05\/IMG_2915-1024x768.jpeg 1024w, https:\/\/larmureriebarisienne.fr\/wp-content\/uploads\/2016\/05\/IMG_2915-520x390.jpeg 520w, https:\/\/larmureriebarisienne.fr\/wp-content\/uploads\/2016\/05\/IMG_2915-740x555.jpeg 740w, https:\/\/larmureriebarisienne.fr\/wp-content\/uploads\/2016\/05\/IMG_2915.jpeg 1549w\" sizes=\"auto, (max-width: 300px) 100vw, 300px\" \/>\n\t\t\t<\/div><\/figure><figure class='gallery-item'>\n\t\t\t<div class='gallery-icon landscape'>\n\t\t\t\t<img loading=\"lazy\" decoding=\"async\" width=\"300\" height=\"225\" src=\"https:\/\/larmureriebarisienne.fr\/wp-content\/uploads\/2016\/05\/IMG_2914-300x225.jpeg\" class=\"attachment-medium size-medium\" alt=\"\" srcset=\"https:\/\/larmureriebarisienne.fr\/wp-content\/uploads\/2016\/05\/IMG_2914-300x225.jpeg 300w, https:\/\/larmureriebarisienne.fr\/wp-content\/uploads\/2016\/05\/IMG_2914-768x576.jpeg 768w, https:\/\/larmureriebarisienne.fr\/wp-content\/uploads\/2016\/05\/IMG_2914-1024x768.jpeg 1024w, https:\/\/larmureriebarisienne.fr\/wp-content\/uploads\/2016\/05\/IMG_2914-520x390.jpeg 520w, https:\/\/larmureriebarisienne.fr\/wp-content\/uploads\/2016\/05\/IMG_2914-740x555.jpeg 740w, https:\/\/larmureriebarisienne.fr\/wp-content\/uploads\/2016\/05\/IMG_2914.jpeg 1549w\" sizes=\"auto, (max-width: 300px) 100vw, 300px\" \/>\n\t\t\t<\/div><\/figure><figure class='gallery-item'>\n\t\t\t<div class='gallery-icon landscape'>\n\t\t\t\t<img loading=\"lazy\" decoding=\"async\" width=\"300\" height=\"225\" src=\"https:\/\/larmureriebarisienne.fr\/wp-content\/uploads\/2016\/05\/IMG_2913-300x225.jpeg\" class=\"attachment-medium size-medium\" alt=\"\" srcset=\"https:\/\/larmureriebarisienne.fr\/wp-content\/uploads\/2016\/05\/IMG_2913-300x225.jpeg 300w, https:\/\/larmureriebarisienne.fr\/wp-content\/uploads\/2016\/05\/IMG_2913-768x576.jpeg 768w, https:\/\/larmureriebarisienne.fr\/wp-content\/uploads\/2016\/05\/IMG_2913-1024x768.jpeg 1024w, https:\/\/larmureriebarisienne.fr\/wp-content\/uploads\/2016\/05\/IMG_2913-520x390.jpeg 520w, https:\/\/larmureriebarisienne.fr\/wp-content\/uploads\/2016\/05\/IMG_2913-740x555.jpeg 740w, https:\/\/larmureriebarisienne.fr\/wp-content\/uploads\/2016\/05\/IMG_2913.jpeg 1549w\" sizes=\"auto, (max-width: 300px) 100vw, 300px\" \/>\n\t\t\t<\/div><\/figure>\n\t\t<\/div>\n\n<h3>\u00a0Gr\u00e2ce \u00e0 une multitude d\u2019articles ainsi qu\u2019aux conseils de v\u00e9ritables professionnels, vous trouverez \u00e0\u00a0l\u2019<a href=\"http:\/\/www.larmureriebarisienne.fr\/\">Armurerie Barisienne<\/a>, tout ce dont vous avez besoin pour satisfaire votre passion.<\/h3>\n<h3>Les professionnels de\u00a0l\u2019<a href=\"http:\/\/www.larmureriebarisienne.fr\/\">Armurerie Barisienne<\/a>\u00a0sont l\u00e0 pour vous guider et vous conseiller, en vous proposant un mat\u00e9riel de grande qualit\u00e9, afin de r\u00e9pondre le plus efficacement possible \u00e0 vos besoins.<\/h3>\n<h3>Dans notre magasin, vous trouverez l&rsquo;\u00e9quipement n\u00e9cessaire pour pratiquer votre passion.<\/h3>\n<ul>\n<li>\n<h3><strong><span style=\"color: #808000;\">Balles pour carabines tous calibres<\/span><\/strong> : 22 \u2013 250 ; 222 Remington ; 243 Winchester ; 270 Winchester ; 270 WSM ; 280 REM ; 30-30 Win ; 308W ; 30-06 ; 30 R BLASER ; 300 Win Mag ; 300 WSM ; 35 WHELEN ; 44 mag; 444 MARLIN ; 6.5 X 57 ; 6.5 X 57 R ;7 RM ;7 X 57 R ;7 X 64 ;7 X 65 R ;7-08 Rem ;8 X 57 Jrs ;8 X 64 S ; 8 X 68 S ; 9.3 X 62 ; 9.3 X 64 ; 9.3 X 74 R etc&#8230;<\/h3>\n<h3><\/h3>\n<\/li>\n<li>\n<h3><strong><span style=\"color: #808000;\">Balles pour fusils<\/span><\/strong> : slug, brenneke, sauvestre, wonder, gicle, rossa, fier, blondeau, prevot.<\/h3>\n<h3><\/h3>\n<\/li>\n<li>\n<h3><strong><span style=\"color: #808000;\">Cartouches tous calibres<\/span><\/strong> : calibre 12, calibre 16, calibre 20, calibre 28, calibre 410 magnum, 14mm, 12mm, 9mm.<\/h3>\n<\/li>\n<\/ul>\n<pre style=\"text-align: center;\"><strong>L'Armurerie Barisienne - ZAC de la Grande Terre,\u00a0<\/strong><strong>3 Voie des Romains, 55000 Longeville-En-Barrois, Meuse, <\/strong><strong>France. T\u00e9l :\u00a0<\/strong><strong>03 29 70 37 03<\/strong><\/pre>\n","protected":false},"excerpt":{"rendered":"<p>L\u2019Armurerie Barisienne vous propose un large choix de munitions parmi de nombreuses marques. \u00a0Gr\u00e2ce \u00e0 une multitude d\u2019articles ainsi qu\u2019aux conseils de v\u00e9ritables professionnels, vous trouverez \u00e0\u00a0l\u2019Armurerie Barisienne, tout ce dont vous avez besoin pour<a class=\"read-more\" href=\"https:\/\/larmureriebarisienne.fr\/?page_id=107\">Lire la suite<\/a><\/p>\n","protected":false},"author":1,"featured_media":0,"parent":0,"menu_order":0,"comment_status":"closed","ping_status":"closed","template":"","meta":{"footnotes":""},"class_list":["post-107","page","type-page","status-publish","hentry"],"_links":{"self":[{"href":"https:\/\/larmureriebarisienne.fr\/index.php?rest_route=\/wp\/v2\/pages\/107","targetHints":{"allow":["GET"]}}],"collection":[{"href":"https:\/\/larmureriebarisienne.fr\/index.php?rest_route=\/wp\/v2\/pages"}],"about":[{"href":"https:\/\/larmureriebarisienne.fr\/index.php?rest_route=\/wp\/v2\/types\/page"}],"author":[{"embeddable":true,"href":"https:\/\/larmureriebarisienne.fr\/index.php?rest_route=\/wp\/v2\/users\/1"}],"replies":[{"embeddable":true,"href":"https:\/\/larmureriebarisienne.fr\/index.php?rest_route=%2Fwp%2Fv2%2Fcomments&post=107"}],"version-history":[{"count":22,"href":"https:\/\/larmureriebarisienne.fr\/index.php?rest_route=\/wp\/v2\/pages\/107\/revisions"}],"predecessor-version":[{"id":2858,"href":"https:\/\/larmureriebarisienne.fr\/index.php?rest_route=\/wp\/v2\/pages\/107\/revisions\/2858"}],"wp:attachment":[{"href":"https:\/\/larmureriebarisienne.fr\/index.php?rest_route=%2Fwp%2Fv2%2Fmedia&parent=107"}],"curies":[{"name":"wp","href":"https:\/\/api.w.org\/{rel}","templated":true}]}}