{"id":110,"date":"2016-05-23T10:19:00","date_gmt":"2016-05-23T09:19:00","guid":{"rendered":"http:\/\/www.larmureriebarisienne.fr\/?page_id=110"},"modified":"2023-03-30T01:32:55","modified_gmt":"2023-03-30T00:32:55","slug":"vetements","status":"publish","type":"page","link":"https:\/\/larmureriebarisienne.fr\/?page_id=110","title":{"rendered":"V\u00eatements"},"content":{"rendered":"<h3 style=\"text-align: center;\">L\u2019<a href=\"http:\/\/www.larmureriebarisienne.fr\/\">Armurerie Barisienne<\/a> vous propose un large choix de v\u00eatements de qualit\u00e9\u00a0parmi de nombreuses marques.<\/h3>\n<div id='gallery-1' class='gallery galleryid-110 gallery-columns-3 gallery-size-medium'><figure class='gallery-item'>\n\t\t\t<div class='gallery-icon landscape'>\n\t\t\t\t<img loading=\"lazy\" decoding=\"async\" width=\"300\" height=\"225\" src=\"https:\/\/larmureriebarisienne.fr\/wp-content\/uploads\/2016\/05\/12640350_782348145204864_3138687057756469002_o-300x225.jpg\" class=\"attachment-medium size-medium\" alt=\"\" srcset=\"https:\/\/larmureriebarisienne.fr\/wp-content\/uploads\/2016\/05\/12640350_782348145204864_3138687057756469002_o-300x225.jpg 300w, https:\/\/larmureriebarisienne.fr\/wp-content\/uploads\/2016\/05\/12640350_782348145204864_3138687057756469002_o-768x576.jpg 768w, https:\/\/larmureriebarisienne.fr\/wp-content\/uploads\/2016\/05\/12640350_782348145204864_3138687057756469002_o-1024x768.jpg 1024w, https:\/\/larmureriebarisienne.fr\/wp-content\/uploads\/2016\/05\/12640350_782348145204864_3138687057756469002_o-520x390.jpg 520w, https:\/\/larmureriebarisienne.fr\/wp-content\/uploads\/2016\/05\/12640350_782348145204864_3138687057756469002_o-740x555.jpg 740w, https:\/\/larmureriebarisienne.fr\/wp-content\/uploads\/2016\/05\/12640350_782348145204864_3138687057756469002_o.jpg 2048w\" sizes=\"auto, (max-width: 300px) 100vw, 300px\" \/>\n\t\t\t<\/div><\/figure><figure class='gallery-item'>\n\t\t\t<div class='gallery-icon landscape'>\n\t\t\t\t<img loading=\"lazy\" decoding=\"async\" width=\"300\" height=\"225\" src=\"https:\/\/larmureriebarisienne.fr\/wp-content\/uploads\/2016\/05\/12646875_782348345204844_1763805763852089830_o-300x225.jpg\" class=\"attachment-medium size-medium\" alt=\"\" srcset=\"https:\/\/larmureriebarisienne.fr\/wp-content\/uploads\/2016\/05\/12646875_782348345204844_1763805763852089830_o-300x225.jpg 300w, https:\/\/larmureriebarisienne.fr\/wp-content\/uploads\/2016\/05\/12646875_782348345204844_1763805763852089830_o-768x576.jpg 768w, https:\/\/larmureriebarisienne.fr\/wp-content\/uploads\/2016\/05\/12646875_782348345204844_1763805763852089830_o-1024x768.jpg 1024w, https:\/\/larmureriebarisienne.fr\/wp-content\/uploads\/2016\/05\/12646875_782348345204844_1763805763852089830_o-520x390.jpg 520w, https:\/\/larmureriebarisienne.fr\/wp-content\/uploads\/2016\/05\/12646875_782348345204844_1763805763852089830_o-740x555.jpg 740w, https:\/\/larmureriebarisienne.fr\/wp-content\/uploads\/2016\/05\/12646875_782348345204844_1763805763852089830_o.jpg 2048w\" sizes=\"auto, (max-width: 300px) 100vw, 300px\" \/>\n\t\t\t<\/div><\/figure>\n\t\t<\/div>\n\n<h3>Gr\u00e2ce \u00e0 une multitude d\u2019articles ainsi qu\u2019aux conseils de v\u00e9ritables professionnels, vous trouverez \u00e0\u00a0l\u2019<a href=\"http:\/\/www.larmureriebarisienne.fr\/\">Armurerie Barisienne<\/a>, tout ce dont vous avez besoin pour satisfaire votre passion.<\/h3>\n<div id='gallery-2' class='gallery galleryid-110 gallery-columns-3 gallery-size-medium'><figure class='gallery-item'>\n\t\t\t<div class='gallery-icon landscape'>\n\t\t\t\t<img loading=\"lazy\" decoding=\"async\" width=\"300\" height=\"225\" src=\"https:\/\/larmureriebarisienne.fr\/wp-content\/uploads\/2016\/05\/P1040541-300x225.jpeg\" class=\"attachment-medium size-medium\" alt=\"\" srcset=\"https:\/\/larmureriebarisienne.fr\/wp-content\/uploads\/2016\/05\/P1040541-300x225.jpeg 300w, https:\/\/larmureriebarisienne.fr\/wp-content\/uploads\/2016\/05\/P1040541-768x577.jpeg 768w, https:\/\/larmureriebarisienne.fr\/wp-content\/uploads\/2016\/05\/P1040541-1024x769.jpeg 1024w, https:\/\/larmureriebarisienne.fr\/wp-content\/uploads\/2016\/05\/P1040541-520x390.jpeg 520w, https:\/\/larmureriebarisienne.fr\/wp-content\/uploads\/2016\/05\/P1040541-740x555.jpeg 740w, https:\/\/larmureriebarisienne.fr\/wp-content\/uploads\/2016\/05\/P1040541.jpeg 1500w\" sizes=\"auto, (max-width: 300px) 100vw, 300px\" \/>\n\t\t\t<\/div><\/figure><figure class='gallery-item'>\n\t\t\t<div class='gallery-icon landscape'>\n\t\t\t\t<img loading=\"lazy\" decoding=\"async\" width=\"300\" height=\"225\" src=\"https:\/\/larmureriebarisienne.fr\/wp-content\/uploads\/2016\/05\/P1040539-300x225.jpeg\" class=\"attachment-medium size-medium\" alt=\"\" srcset=\"https:\/\/larmureriebarisienne.fr\/wp-content\/uploads\/2016\/05\/P1040539-300x225.jpeg 300w, https:\/\/larmureriebarisienne.fr\/wp-content\/uploads\/2016\/05\/P1040539-768x577.jpeg 768w, https:\/\/larmureriebarisienne.fr\/wp-content\/uploads\/2016\/05\/P1040539-1024x769.jpeg 1024w, https:\/\/larmureriebarisienne.fr\/wp-content\/uploads\/2016\/05\/P1040539-520x390.jpeg 520w, https:\/\/larmureriebarisienne.fr\/wp-content\/uploads\/2016\/05\/P1040539-740x555.jpeg 740w, https:\/\/larmureriebarisienne.fr\/wp-content\/uploads\/2016\/05\/P1040539.jpeg 1500w\" sizes=\"auto, (max-width: 300px) 100vw, 300px\" \/>\n\t\t\t<\/div><\/figure>\n\t\t<\/div>\n\n<h3><\/h3>\n<h3>Les professionnels de\u00a0l\u2019<a href=\"http:\/\/www.larmureriebarisienne.fr\/\">Armurerie Barisienne<\/a>\u00a0sont l\u00e0 pour vous guider et vous conseiller, en vous proposant un mat\u00e9riel de grande qualit\u00e9, afin de r\u00e9pondre le plus efficacement possible \u00e0 vos besoins.<\/h3>\n<h3>Dans notre magasin, vous trouverez l&rsquo;\u00e9quipement n\u00e9cessaire pour pratiquer votre passion.<\/h3>\n<pre style=\"text-align: center;\"><strong>L'Armurerie Barisienne - ZAC de la Grande Terre,\u00a0<\/strong><strong>3 Voie des Romains, 55000 Longeville-En-Barrois, Meuse, <\/strong><strong>France. T\u00e9l :\u00a0<\/strong><strong>03 29 70 37 03<\/strong><\/pre>\n","protected":false},"excerpt":{"rendered":"<p>L\u2019Armurerie Barisienne vous propose un large choix de v\u00eatements de qualit\u00e9\u00a0parmi de nombreuses marques. Gr\u00e2ce \u00e0 une multitude d\u2019articles ainsi qu\u2019aux conseils de v\u00e9ritables professionnels, vous trouverez \u00e0\u00a0l\u2019Armurerie Barisienne, tout ce dont vous avez besoin<a class=\"read-more\" href=\"https:\/\/larmureriebarisienne.fr\/?page_id=110\">Lire la suite<\/a><\/p>\n","protected":false},"author":1,"featured_media":0,"parent":0,"menu_order":0,"comment_status":"closed","ping_status":"closed","template":"","meta":{"footnotes":""},"class_list":["post-110","page","type-page","status-publish","hentry"],"_links":{"self":[{"href":"https:\/\/larmureriebarisienne.fr\/index.php?rest_route=\/wp\/v2\/pages\/110","targetHints":{"allow":["GET"]}}],"collection":[{"href":"https:\/\/larmureriebarisienne.fr\/index.php?rest_route=\/wp\/v2\/pages"}],"about":[{"href":"https:\/\/larmureriebarisienne.fr\/index.php?rest_route=\/wp\/v2\/types\/page"}],"author":[{"embeddable":true,"href":"https:\/\/larmureriebarisienne.fr\/index.php?rest_route=\/wp\/v2\/users\/1"}],"replies":[{"embeddable":true,"href":"https:\/\/larmureriebarisienne.fr\/index.php?rest_route=%2Fwp%2Fv2%2Fcomments&post=110"}],"version-history":[{"count":15,"href":"https:\/\/larmureriebarisienne.fr\/index.php?rest_route=\/wp\/v2\/pages\/110\/revisions"}],"predecessor-version":[{"id":2861,"href":"https:\/\/larmureriebarisienne.fr\/index.php?rest_route=\/wp\/v2\/pages\/110\/revisions\/2861"}],"wp:attachment":[{"href":"https:\/\/larmureriebarisienne.fr\/index.php?rest_route=%2Fwp%2Fv2%2Fmedia&parent=110"}],"curies":[{"name":"wp","href":"https:\/\/api.w.org\/{rel}","templated":true}]}}