{"id":41,"date":"2016-05-21T08:00:33","date_gmt":"2016-05-21T07:00:33","guid":{"rendered":"http:\/\/www.larmureriebarisienne.fr\/?page_id=41"},"modified":"2026-02-06T14:48:37","modified_gmt":"2026-02-06T13:48:37","slug":"gravure","status":"publish","type":"page","link":"https:\/\/larmureriebarisienne.fr\/?page_id=41","title":{"rendered":"Gravure"},"content":{"rendered":"<h3 style=\"text-align: center;\"><\/h3>\n\n<h3 style=\"text-align: center;\">Magnifique calottes de crosse grav\u00e9e \u00e0 la main !!<\/h3>\n<h3 style=\"text-align: center;\">N&rsquo;h\u00e9sitez pas \u00e0 vous renseigner aupr\u00e8s de nos armuriers.<\/h3>\n<h3 style=\"text-align: center;\">Nous sommes capables de r\u00e9aliser toutes sculptures sur bascules, pontets, etc&#8230;<\/h3>\n\n<h3 style=\"text-align: center;\"><\/h3>\n<h5 style=\"text-align: center;\"><\/h5>\n<pre style=\"text-align: center;\"><strong>L'Armurerie Barisienne - ZAC de la Grande Terre,\u00a0<\/strong><strong>3 Voie des Romains, 55000 Longeville-En-Barrois, Meuse, <\/strong><strong>France. T\u00e9l :\u00a0<\/strong><strong>03 29 70 37 03<\/strong><\/pre>\n","protected":false},"excerpt":{"rendered":"<p>Magnifique calottes de crosse grav\u00e9e \u00e0 la main !! N&rsquo;h\u00e9sitez pas \u00e0 vous renseigner aupr\u00e8s de nos armuriers. Nous sommes capables de r\u00e9aliser toutes sculptures sur bascules, pontets, etc&#8230; L&rsquo;Armurerie Barisienne &#8211; ZAC de la<a class=\"read-more\" href=\"https:\/\/larmureriebarisienne.fr\/?page_id=41\">Lire la suite<\/a><\/p>\n","protected":false},"author":1,"featured_media":0,"parent":0,"menu_order":0,"comment_status":"closed","ping_status":"closed","template":"","meta":{"footnotes":""},"class_list":["post-41","page","type-page","status-publish","hentry"],"_links":{"self":[{"href":"https:\/\/larmureriebarisienne.fr\/index.php?rest_route=\/wp\/v2\/pages\/41","targetHints":{"allow":["GET"]}}],"collection":[{"href":"https:\/\/larmureriebarisienne.fr\/index.php?rest_route=\/wp\/v2\/pages"}],"about":[{"href":"https:\/\/larmureriebarisienne.fr\/index.php?rest_route=\/wp\/v2\/types\/page"}],"author":[{"embeddable":true,"href":"https:\/\/larmureriebarisienne.fr\/index.php?rest_route=\/wp\/v2\/users\/1"}],"replies":[{"embeddable":true,"href":"https:\/\/larmureriebarisienne.fr\/index.php?rest_route=%2Fwp%2Fv2%2Fcomments&post=41"}],"version-history":[{"count":24,"href":"https:\/\/larmureriebarisienne.fr\/index.php?rest_route=\/wp\/v2\/pages\/41\/revisions"}],"predecessor-version":[{"id":2968,"href":"https:\/\/larmureriebarisienne.fr\/index.php?rest_route=\/wp\/v2\/pages\/41\/revisions\/2968"}],"wp:attachment":[{"href":"https:\/\/larmureriebarisienne.fr\/index.php?rest_route=%2Fwp%2Fv2%2Fmedia&parent=41"}],"curies":[{"name":"wp","href":"https:\/\/api.w.org\/{rel}","templated":true}]}}