{"id":501,"date":"2016-08-01T09:36:41","date_gmt":"2016-08-01T08:36:41","guid":{"rendered":"http:\/\/www.larmureriebarisienne.fr\/?page_id=501"},"modified":"2023-03-30T01:30:08","modified_gmt":"2023-03-30T00:30:08","slug":"travaux-sur-les-bois","status":"publish","type":"page","link":"https:\/\/larmureriebarisienne.fr\/?page_id=501","title":{"rendered":"Travaux sur les bois"},"content":{"rendered":"<h2 style=\"text-align: center;\"><\/h2>\n<h2 style=\"text-align: center;\"><\/h2>\n<h2 style=\"text-align: center;\"><strong>R\u00e9novation des bois<\/strong><\/h2>\n<h3 style=\"text-align: center;\">avec finition ponc\u00e9 \/ huil\u00e9 ou vernis<\/h3>\n<h2 style=\"text-align: center;\"><strong>R\u00e9alisation de crosse<\/strong><\/h2>\n<h3 style=\"text-align: center;\">sur mesure pour arme standard ou de luxe<\/h3>\n<h2 style=\"text-align: center;\"><strong>Mise \u00e0 conformit\u00e9<\/strong><\/h2>\n<h3 style=\"text-align: center;\"><strong><span style=\"text-decoration: underline;\">A\u00a0la presse <\/span><\/strong><\/h3>\n<h3 style=\"text-align: center;\">&#8211; Pente<\/h3>\n<h3 style=\"text-align: center;\">&#8211; Avantage<\/h3>\n<div id='gallery-1' class='gallery galleryid-501 gallery-columns-2 gallery-size-medium'><figure class='gallery-item'>\n\t\t\t<div class='gallery-icon landscape'>\n\t\t\t\t<img loading=\"lazy\" decoding=\"async\" width=\"300\" height=\"225\" src=\"https:\/\/larmureriebarisienne.fr\/wp-content\/uploads\/2016\/08\/P1040548-300x225.jpg\" class=\"attachment-medium size-medium\" alt=\"\" srcset=\"https:\/\/larmureriebarisienne.fr\/wp-content\/uploads\/2016\/08\/P1040548-300x225.jpg 300w, https:\/\/larmureriebarisienne.fr\/wp-content\/uploads\/2016\/08\/P1040548-768x577.jpg 768w, https:\/\/larmureriebarisienne.fr\/wp-content\/uploads\/2016\/08\/P1040548-1024x769.jpg 1024w, https:\/\/larmureriebarisienne.fr\/wp-content\/uploads\/2016\/08\/P1040548-520x390.jpg 520w, https:\/\/larmureriebarisienne.fr\/wp-content\/uploads\/2016\/08\/P1040548-740x555.jpg 740w, https:\/\/larmureriebarisienne.fr\/wp-content\/uploads\/2016\/08\/P1040548.jpg 1500w\" sizes=\"auto, (max-width: 300px) 100vw, 300px\" \/>\n\t\t\t<\/div><\/figure><figure class='gallery-item'>\n\t\t\t<div class='gallery-icon landscape'>\n\t\t\t\t<img loading=\"lazy\" decoding=\"async\" width=\"300\" height=\"224\" src=\"https:\/\/larmureriebarisienne.fr\/wp-content\/uploads\/2016\/08\/IMG_0618-e1476282169560-300x224.jpg\" class=\"attachment-medium size-medium\" alt=\"\" srcset=\"https:\/\/larmureriebarisienne.fr\/wp-content\/uploads\/2016\/08\/IMG_0618-e1476282169560-300x224.jpg 300w, https:\/\/larmureriebarisienne.fr\/wp-content\/uploads\/2016\/08\/IMG_0618-e1476282169560-768x573.jpg 768w, https:\/\/larmureriebarisienne.fr\/wp-content\/uploads\/2016\/08\/IMG_0618-e1476282169560-1024x765.jpg 1024w, https:\/\/larmureriebarisienne.fr\/wp-content\/uploads\/2016\/08\/IMG_0618-e1476282169560-520x388.jpg 520w, https:\/\/larmureriebarisienne.fr\/wp-content\/uploads\/2016\/08\/IMG_0618-e1476282169560-740x553.jpg 740w, https:\/\/larmureriebarisienne.fr\/wp-content\/uploads\/2016\/08\/IMG_0618-e1476282169560.jpg 1500w\" sizes=\"auto, (max-width: 300px) 100vw, 300px\" \/>\n\t\t\t<\/div><\/figure>\n\t\t<\/div>\n\n<h3 style=\"text-align: center;\"><strong><span style=\"text-decoration: underline;\">Mettre \u00e0 longueur<\/span><\/strong><\/h3>\n<h3 style=\"text-align: center;\">&#8211; Pose talon\u00a0caoutchouc anti recule<\/h3>\n<h3 style=\"text-align: center;\">&#8211; Pose talon sur crosse synth\u00e9tique<\/h3>\n\n<h3 style=\"text-align: center;\">&#8211; Pose talon bois (1)<\/h3>\n\n<h3 style=\"text-align: center;\">&#8211; Pose talon bois (2)<\/h3>\n\n<h3 style=\"text-align: center;\"><span style=\"text-decoration: underline;\"><strong>Quadrillage<\/strong><\/span><\/h3>\n<h3 style=\"text-align: center;\">&#8211;\u00a0Ordinaire<\/h3>\n<h3 style=\"text-align: center;\">&#8211;\u00a0Fin<\/h3>\n<h3 style=\"text-align: center;\">&#8211;\u00a0Ecossais<\/h3>\n<h3 style=\"text-align: center;\"><span style=\"text-decoration: underline;\"><strong>Remplacement d&rsquo;une longuesse sur superpos\u00e9<\/strong><\/span><\/h3>\n<div id='gallery-5' class='gallery galleryid-501 gallery-columns-3 gallery-size-medium'><figure class='gallery-item'>\n\t\t\t<div class='gallery-icon landscape'>\n\t\t\t\t<img loading=\"lazy\" decoding=\"async\" width=\"300\" height=\"224\" src=\"https:\/\/larmureriebarisienne.fr\/wp-content\/uploads\/2016\/08\/IMG_08771-300x224.jpeg\" class=\"attachment-medium size-medium\" alt=\"\" srcset=\"https:\/\/larmureriebarisienne.fr\/wp-content\/uploads\/2016\/08\/IMG_08771-300x224.jpeg 300w, https:\/\/larmureriebarisienne.fr\/wp-content\/uploads\/2016\/08\/IMG_08771-768x574.jpeg 768w, https:\/\/larmureriebarisienne.fr\/wp-content\/uploads\/2016\/08\/IMG_08771-1024x765.jpeg 1024w, https:\/\/larmureriebarisienne.fr\/wp-content\/uploads\/2016\/08\/IMG_08771-520x389.jpeg 520w, https:\/\/larmureriebarisienne.fr\/wp-content\/uploads\/2016\/08\/IMG_08771-740x553.jpeg 740w, https:\/\/larmureriebarisienne.fr\/wp-content\/uploads\/2016\/08\/IMG_08771.jpeg 1499w\" sizes=\"auto, (max-width: 300px) 100vw, 300px\" \/>\n\t\t\t<\/div><\/figure><figure class='gallery-item'>\n\t\t\t<div class='gallery-icon landscape'>\n\t\t\t\t<img loading=\"lazy\" decoding=\"async\" width=\"300\" height=\"224\" src=\"https:\/\/larmureriebarisienne.fr\/wp-content\/uploads\/2016\/08\/IMG_08851-300x224.jpeg\" class=\"attachment-medium size-medium\" alt=\"\" srcset=\"https:\/\/larmureriebarisienne.fr\/wp-content\/uploads\/2016\/08\/IMG_08851-300x224.jpeg 300w, https:\/\/larmureriebarisienne.fr\/wp-content\/uploads\/2016\/08\/IMG_08851-768x574.jpeg 768w, https:\/\/larmureriebarisienne.fr\/wp-content\/uploads\/2016\/08\/IMG_08851-1024x765.jpeg 1024w, https:\/\/larmureriebarisienne.fr\/wp-content\/uploads\/2016\/08\/IMG_08851-520x389.jpeg 520w, https:\/\/larmureriebarisienne.fr\/wp-content\/uploads\/2016\/08\/IMG_08851-740x553.jpeg 740w, https:\/\/larmureriebarisienne.fr\/wp-content\/uploads\/2016\/08\/IMG_08851.jpeg 1499w\" sizes=\"auto, (max-width: 300px) 100vw, 300px\" \/>\n\t\t\t<\/div><\/figure>\n\t\t<\/div>\n\n<pre style=\"text-align: center;\"><strong>L'Armurerie Barisienne - ZAC de la Grande Terre,\u00a0<\/strong><strong>3 Voie des Romains, 55000 Longeville-En-Barrois, Meuse, <\/strong><strong>France. T\u00e9l :\u00a0<\/strong><strong>03 29 70 37 03<\/strong><\/pre>\n","protected":false},"excerpt":{"rendered":"<p>R\u00e9novation des bois avec finition ponc\u00e9 \/ huil\u00e9 ou vernis R\u00e9alisation de crosse sur mesure pour arme standard ou de luxe Mise \u00e0 conformit\u00e9 A\u00a0la presse &#8211; Pente &#8211; Avantage Mettre \u00e0 longueur &#8211; Pose<a class=\"read-more\" href=\"https:\/\/larmureriebarisienne.fr\/?page_id=501\">Lire la suite<\/a><\/p>\n","protected":false},"author":1,"featured_media":0,"parent":0,"menu_order":0,"comment_status":"closed","ping_status":"closed","template":"","meta":{"footnotes":""},"class_list":["post-501","page","type-page","status-publish","hentry"],"_links":{"self":[{"href":"https:\/\/larmureriebarisienne.fr\/index.php?rest_route=\/wp\/v2\/pages\/501","targetHints":{"allow":["GET"]}}],"collection":[{"href":"https:\/\/larmureriebarisienne.fr\/index.php?rest_route=\/wp\/v2\/pages"}],"about":[{"href":"https:\/\/larmureriebarisienne.fr\/index.php?rest_route=\/wp\/v2\/types\/page"}],"author":[{"embeddable":true,"href":"https:\/\/larmureriebarisienne.fr\/index.php?rest_route=\/wp\/v2\/users\/1"}],"replies":[{"embeddable":true,"href":"https:\/\/larmureriebarisienne.fr\/index.php?rest_route=%2Fwp%2Fv2%2Fcomments&post=501"}],"version-history":[{"count":22,"href":"https:\/\/larmureriebarisienne.fr\/index.php?rest_route=\/wp\/v2\/pages\/501\/revisions"}],"predecessor-version":[{"id":2855,"href":"https:\/\/larmureriebarisienne.fr\/index.php?rest_route=\/wp\/v2\/pages\/501\/revisions\/2855"}],"wp:attachment":[{"href":"https:\/\/larmureriebarisienne.fr\/index.php?rest_route=%2Fwp%2Fv2%2Fmedia&parent=501"}],"curies":[{"name":"wp","href":"https:\/\/api.w.org\/{rel}","templated":true}]}}