{"id":509,"date":"2016-08-01T09:49:10","date_gmt":"2016-08-01T08:49:10","guid":{"rendered":"http:\/\/www.larmureriebarisienne.fr\/?page_id=509"},"modified":"2023-03-30T01:30:53","modified_gmt":"2023-03-30T00:30:53","slug":"travaux-sur-le-canon","status":"publish","type":"page","link":"https:\/\/larmureriebarisienne.fr\/?page_id=509","title":{"rendered":"Travaux sur le canon"},"content":{"rendered":"<h2 style=\"text-align: center;\"><\/h2>\n<h2 style=\"text-align: center;\"><\/h2>\n<h2 style=\"text-align: center;\"><strong>Bronzage<\/strong><\/h2>\n<h3 style=\"text-align: center;\">\u00e0 la couche ou au bain<\/h3>\n<h2 style=\"text-align: center;\"><b>T\u00e9flonnage<\/b><\/h2>\n<h3 style=\"text-align: center;\">Peinture cuite offrant une grande r\u00e9sistance id\u00e9al pour les armes de traque<\/h3>\n\n<h2 style=\"text-align: center;\"><b>Chromage<\/b><\/h2>\n<h2 style=\"text-align: center;\"><b>D\u00e9plombage et d\u00e9cuivrage du canon<\/b><\/h2>\n<h2 style=\"text-align: center;\"><b>Polissage int\u00e9rieur<\/b><\/h2>\n<h2 style=\"text-align: center;\"><b>D\u00e9chokage<\/b><\/h2>\n<h2 style=\"text-align: center;\"><b>Rechambrage<\/b><\/h2>\n<h2 style=\"text-align: center;\"><b>Banc d&rsquo;\u00e9preuve officiel de Saint Etienne<\/b><\/h2>\n<pre style=\"text-align: center;\"><strong>L'Armurerie Barisienne - ZAC de la Grande Terre,\u00a0<\/strong><strong>3 Voie des Romains, 55000 Longeville-En-Barrois, Meuse, <\/strong><strong>France. T\u00e9l :\u00a0<\/strong><strong>03 29 70 37 03<\/strong><\/pre>\n","protected":false},"excerpt":{"rendered":"<p>Bronzage \u00e0 la couche ou au bain T\u00e9flonnage Peinture cuite offrant une grande r\u00e9sistance id\u00e9al pour les armes de traque Chromage D\u00e9plombage et d\u00e9cuivrage du canon Polissage int\u00e9rieur D\u00e9chokage Rechambrage Banc d&rsquo;\u00e9preuve officiel de Saint<a class=\"read-more\" href=\"https:\/\/larmureriebarisienne.fr\/?page_id=509\">Lire la suite<\/a><\/p>\n","protected":false},"author":1,"featured_media":0,"parent":0,"menu_order":0,"comment_status":"closed","ping_status":"closed","template":"","meta":{"footnotes":""},"class_list":["post-509","page","type-page","status-publish","hentry"],"_links":{"self":[{"href":"https:\/\/larmureriebarisienne.fr\/index.php?rest_route=\/wp\/v2\/pages\/509","targetHints":{"allow":["GET"]}}],"collection":[{"href":"https:\/\/larmureriebarisienne.fr\/index.php?rest_route=\/wp\/v2\/pages"}],"about":[{"href":"https:\/\/larmureriebarisienne.fr\/index.php?rest_route=\/wp\/v2\/types\/page"}],"author":[{"embeddable":true,"href":"https:\/\/larmureriebarisienne.fr\/index.php?rest_route=\/wp\/v2\/users\/1"}],"replies":[{"embeddable":true,"href":"https:\/\/larmureriebarisienne.fr\/index.php?rest_route=%2Fwp%2Fv2%2Fcomments&post=509"}],"version-history":[{"count":9,"href":"https:\/\/larmureriebarisienne.fr\/index.php?rest_route=\/wp\/v2\/pages\/509\/revisions"}],"predecessor-version":[{"id":2856,"href":"https:\/\/larmureriebarisienne.fr\/index.php?rest_route=\/wp\/v2\/pages\/509\/revisions\/2856"}],"wp:attachment":[{"href":"https:\/\/larmureriebarisienne.fr\/index.php?rest_route=%2Fwp%2Fv2%2Fmedia&parent=509"}],"curies":[{"name":"wp","href":"https:\/\/api.w.org\/{rel}","templated":true}]}}